{"id":13727,"date":"2020-12-29T13:48:29","date_gmt":"2020-12-29T12:48:29","guid":{"rendered":"http:\/\/lab.hitostudio.com\/mimaflor\/?page_id=13727"},"modified":"2022-12-28T17:43:34","modified_gmt":"2022-12-28T16:43:34","slug":"bases-legales-sorteos-y-concursos-primaflor","status":"publish","type":"page","link":"https:\/\/lab.hitostudio.com\/mimaflor\/bases-legales-sorteos-y-concursos-primaflor\/","title":{"rendered":"Bases legales sorteos y concursos mimaflor"},"content":{"rendered":"<p><strong>S.A.T. 9855 PRIMAFLOR (en adelante PRIMAFLOR),<\/strong> con domicilio a efectos de la presente promoci\u00f3n en Avenida Cecilio Peregr\u00edn, 2, C.P. 04640 Pulp\u00ed (Almer\u00eda) y con C.I.F. n\u00famero V-04256954, para la promoci\u00f3n de sus productos y contenido web, y con arreglo a las bases que a continuaci\u00f3n se exponen, organiza las siguientes acciones:<\/p>\n<p>&nbsp;<\/p>\n<ul>\n<li><strong>Sorteos, concursos o cualquier otra actividad an\u00e1loga de convocatoria mensual. <\/strong><\/li>\n<li><strong>Microsorteos temporales de un lote de productos mimaflor.<\/strong><\/li>\n<\/ul>\n<p>&nbsp;<\/p>\n<p><strong>1.\u00c1mbito de aplicaci\u00f3n<\/strong><\/p>\n<p><strong>Temporal<\/strong><\/p>\n<p>Las promociones consisten en retos semanales, mensuales, pudiendo ser de fechas puntuales o de diferente periodicidad y, en su caso, constando las vigencias que correspondan en las convocatorias de cada caso concreto.<\/p>\n<p><strong>Personal<\/strong><\/p>\n<p>Podr\u00e1n participar las personas f\u00edsicas mayores de 16 a\u00f1os, residentes legales en Espa\u00f1a, que cumplan con las presentes bases.<\/p>\n<p><strong>Territorial<\/strong><\/p>\n<p>El \u00e1mbito territorial de la promoci\u00f3n es el de Pen\u00ednsula Ib\u00e9rica.<\/p>\n<p><strong>Aceptaci\u00f3n de las bases<\/strong><\/p>\n<p>La mera participaci\u00f3n en la Promoci\u00f3n implica la aceptaci\u00f3n de la totalidad de las Bases por los participantes en la misma, as\u00ed como del criterio de Primaflor en cuanto a la resoluci\u00f3n de cualquier cuesti\u00f3n relacionada con las Bases de la promoci\u00f3n, concurso o sorteo que se tratara.<\/p>\n<p><strong>Mec\u00e1nica de la Promoci\u00f3n<\/strong><\/p>\n<p>La participaci\u00f3n se realizar\u00e1 de las siguientes formas:<\/p>\n<ul>\n<li><strong>Sorteos, concursos o cualquier otra actividad an\u00e1loga de convocatoria mensual. <\/strong><\/li>\n<\/ul>\n<p>Pudiendo ser a trav\u00e9s de la p\u00e1gina web, plataformas digitales o cuentas de redes sociales como <a href=\"https:\/\/www.instagram.com\/primaflor\/\">Instagram<\/a> o <a href=\"https:\/\/www.facebook.com\/mimafloroficial\">Facebook<\/a>, entre otras, de mimaflor.<\/p>\n<p>El\/la\/los ganador\/a\/es que, en su caso, resulten de la cuenta de <a href=\"https:\/\/www.instagram.com\/primaflor\/\">Instagram<\/a> y de <a href=\"https:\/\/www.facebook.com\/mimafloroficial\">Facebook<\/a> ser\u00e1n debidamente publicados respectivamente en dichas cuentas, y deber\u00e1n ponerse en contacto con Primaflor a trav\u00e9s de un mensaje privado desde donde se faciliten sus datos, que solo ser\u00e1n utilizados para el env\u00edo de los premios.<\/p>\n<ul>\n<li><strong>Microsorteos\u00a0 de un lote de productos.<\/strong><\/li>\n<\/ul>\n<p>Pudiendo ser a trav\u00e9s de la p\u00e1gina web, plataformas digitales o cuentas de redes sociales, como <a href=\"https:\/\/www.instagram.com\/primaflor\/\">Instagram<\/a> o <a href=\"https:\/\/www.facebook.com\/mimafloroficial\">Facebook<\/a> entre otras, de mimaflor.<\/p>\n<p>En estos sorteos se obtendr\u00e1 1 ganador a trav\u00e9s de la cuenta de <a href=\"https:\/\/www.instagram.com\/primaflor\/\">Instagram<\/a> y otro ganador a trav\u00e9s de <a href=\"https:\/\/www.facebook.com\/mimafloroficial\">Facebook<\/a>, es decir un total de 2 ganadores a la semana.<\/p>\n<p>Los ganadores se publicar\u00e1n en stories + comentario en el caso de <a href=\"https:\/\/www.instagram.com\/primaflor\/\">Instagram<\/a> y en un comentario en el post en el caso de <a href=\"https:\/\/www.facebook.com\/mimafloroficial\">Facebook<\/a>, teniendo que ponerse en contacto con Primaflor a trav\u00e9s de un mensaje privado donde se faciliten sus datos que solo ser\u00e1n utilizados para el env\u00edo de los premios.<\/p>\n<p><strong>Para participar, ser\u00e1 preciso:<\/strong><\/p>\n<ul>\n<li>Ser seguidor de la cuentas de mimaflor en <a href=\"https:\/\/www.instagram.com\/primaflor\/\">Instagram<\/a>, <a href=\"https:\/\/www.facebook.com\/mimafloroficial\">Facebook<\/a> o acceder a trav\u00e9s de la web de Primaflor o cualquiera otra p\u00e1gina que se encargue de la gesti\u00f3n de cualquier parte del proceso de participaci\u00f3n en el sorteo o concurso concreto.<\/li>\n<li>Responder nombrando a una persona o atender a las condiciones de participaci\u00f3n en el sorteo que se publique en cada caso en concreto.<\/li>\n<li>En caso de colaboraci\u00f3n con influencers o personajes p\u00fablicos tambi\u00e9n ser\u00e1 necesario seguir la cuenta del personaje p\u00fablico o influencer que se trate.<\/li>\n<\/ul>\n<p>Primaflor se reserva el derecho a declarar nulas aquellas participaciones en las que se detecte un uso fraudulento, sin derecho a cualesquiera de los premios que hayan sido calificados en comisi\u00f3n de fraude o enga\u00f1o. A t\u00edtulo enunciativo, pero no limitativo, se entender\u00e1 que se produce abuso o fraude el uso de robots, etc<\/p>\n<p><strong>Premios<\/strong><\/p>\n<p>Durante los sorteos, concursos que tengan lugar, los premios a entregar son los siguientes:<\/p>\n<ul>\n<li><strong>Sorteos, concursos o cualquier otra actividad an\u00e1loga de convocatoria mensual. <\/strong><\/li>\n<\/ul>\n<p>Un premio a determinar por parte de Primaflor en cada concurso o sorteo publicado al efecto.<\/p>\n<ul>\n<li><strong>Microsorteos de un lote de productos. <\/strong><\/li>\n<\/ul>\n<p>Un lote de productos Primaflor.<\/p>\n<p>Cada lote est\u00e1 valorado en 25.56 euros.<\/p>\n<p>S\u00f3lo ser\u00e1 v\u00e1lido un premio por hogar o domicilio, a\u00fan cuando las personas ganadoras sean distintas. No se aceptar\u00e1, y en su caso, no se har\u00e1 entrega del premio, la participaci\u00f3n hecha por grupos.<\/p>\n<p>En ning\u00fan caso se podr\u00e1 canjear el premio por su valor en met\u00e1lico o por otro premio distinto. Queda prohibida la comercializaci\u00f3n y\/o venta del premio.<\/p>\n<p>Primaflor se reserva el derecho de solicitar a las personas ganadoras su identificaci\u00f3n mediante exhibici\u00f3n del DNI o pasaporte. La negativa a proporcionar dicha documentaci\u00f3n, o la no concordancia del mismo con los datos que se proporcionen para la gesti\u00f3n del premio conllevar\u00e1 la p\u00e9rdida del derecho a percibir el premio.<\/p>\n<p>Los ganadores se escoger\u00e1n mediante sorteo, reserv\u00e1ndose Primaflor la posibilidad de modificar las fechas que pudieran indicarse.<\/p>\n<p>&nbsp;<\/p>\n<p><strong>2. Comunicaci\u00f3n y entrega de los premios<\/strong><\/p>\n<p><strong>Comunicaci\u00f3n<\/strong><\/p>\n<p>El premio ser\u00e1 comunicado por Primaflor a trav\u00e9s de la p\u00e1gina de la marca en las diferentes redes sociales, en un plazo no superior a 3 d\u00edas naturales a contar a partir de la fecha de finalizaci\u00f3n de la promoci\u00f3n.<\/p>\n<p>Se entender\u00e1 que Primaflor ha realizado las gestiones oportunas para la localizaci\u00f3n de la persona ganadora del premio si transcurridos cinco (5) d\u00edas naturales desde que la compa\u00f1\u00eda haya publicado el nombre de los ganadores, dando lugar a declarar desierto ese premio.<\/p>\n<p><strong>Entrega<\/strong><\/p>\n<p>La entrega de los premios se realizar\u00e1 en un plazo m\u00e1ximo de un (1) mes a partir de la publicaci\u00f3n de los ganadores, mediante el env\u00edo al domicilio indicado por los ganadores. En caso de no encontrar a ninguna persona en el domicilio, se dejar\u00e1 un aviso a su disposici\u00f3n, conservando el premio por un plazo m\u00e1ximo adicional de un (1) mes para productos no perecederos, y de cinco (5) d\u00edas para productos perecederos. En caso de no ser reclamado dicho premio en el plazo indicado, \u00e9ste quedar\u00e1 desierto.<\/p>\n<p>La entrega de los premios se realizar\u00e1 en Pen\u00ednsula e islas Baleares y Canarias. No ser\u00e1n cubiertos por Primaflor los gastos derivados de segundos env\u00edos.<\/p>\n<p><strong>Privacidad y protecci\u00f3n de datos de car\u00e1cter personal<\/strong><\/p>\n<p><strong>S.A.T. N.\u00ba 9855 PRIMAFLOR<\/strong> es responsable de tratamiento de los datos suministrados por los participantes y cualesquiera otros conexos recabados de estos interesados en base al consentimiento informado e inter\u00e9s leg\u00edtimo. Estos datos se usar\u00e1n para gesti\u00f3n y desarrollo de promociones, concursos, sorteos o actividades en las que el interesado sea parte y para el correspondiente env\u00edo de informaci\u00f3n comercial, encuestas y noticias a trav\u00e9s de los medios de contacto facilitados cuando sea el caso. Al participar y aceptar los presentes t\u00e9rminos, los ganadores de los sorteos y promociones autorizan expresamente a que su nombre e imagen sean publicados en los medios de difusi\u00f3n del responsable (web, redes sociales, y otros medios de publicidad y comunicaci\u00f3n. Los datos se conservar\u00e1n mientras existan dichos fines, exista previsi\u00f3n legal de conservaci\u00f3n o el interesado no manifieste lo contrario. No comunic\u00e1ndose a terceros salvo en los casos legalmente previstos. Puede revocar el consentimiento en cualquier momento, as\u00ed como solicitar acceso, rectificaci\u00f3n y supresi\u00f3n de sus datos dirigi\u00e9ndose a primaflor@primaflor.com. Puede ampliar informaci\u00f3n sobre el resto de sus derechos de privacidad y de nuestra pol\u00edtica de protecci\u00f3n de datos visitando www.primaflor.com<\/p>\n<p><strong>Aceptaci\u00f3n de los premios<\/strong><\/p>\n<p>La renuncia al premio no dar\u00e1 ning\u00fan derecho de indemnizaci\u00f3n o compensaci\u00f3n.<\/p>\n<p>El organizador no se responsabiliza ante posibles reclamaciones relacionadas con el disfrute del premio, ni de las expectativas que se tuvieran sobre el mismo.<\/p>\n<p>El organizador no se responsabiliza de los errores en los datos facilitados por el participante que puedan impedir su correcta identificaci\u00f3n.<\/p>\n<p><strong>Generales<\/strong><\/p>\n<ul>\n<li>La participaci\u00f3n en las presentes promociones, concursos o sorteos supone el conocimiento y aceptaci\u00f3n de las presentes bases y el criterio de Primaflor para la resoluci\u00f3n de cualquier incidencia.<\/li>\n<li>La participaci\u00f3n en la presente promoci\u00f3n es gratuita, sin coste para el participante, salvo los inherentes a la utilizaci\u00f3n de Internet.<\/li>\n<li>Primaflor no asumir\u00e1 ninguna responsabilidad derivada de un funcionamiento inadecuado o irregular de Facebook o Instagram, entre otras redes sociales o plataformas digitales que pusieran utilizarse para el buen fin de estos concursos, que impidan el normal desarrollo de la promoci\u00f3n o del sorteo y que tengan su origen en causas ajenas a Primaflor.<\/li>\n<li>Primaflor se reserva el derecho de efectuar cualquier cambio, suspender, cancelar o ampliar esta promoci\u00f3n siempre que exista una causa que lo justifique, incluido el incumplimiento de los niveles de participaci\u00f3n previstos en el momento de elaborar la campa\u00f1a de promoci\u00f3n, sin que ello suponga un deber de indemnizaci\u00f3n de ning\u00fan tipo.<\/li>\n<li>Primaflor se reserva el derecho de dejar fuera de la presente promoci\u00f3n a aquellos participantes, y en su caso ganadores, que realicen una utilizaci\u00f3n abusiva o fraudulenta de estas Bases, faciliten datos falsos o no veraces o, en general, que no cumplan con alguna de las condiciones aqu\u00ed establecidas o no acepten su contenido. En caso de descalificaci\u00f3n de participantes, la compa\u00f1\u00eda se reserva el derecho a declarar su premio desierto.<\/li>\n<\/ul>\n<p><strong>Servicio de Informaci\u00f3n<\/strong><\/p>\n<p>Los participantes que quisieran solicitar informaciones sobre la promoci\u00f3n podr\u00e1n enviar sus consultas a la direcci\u00f3n e-mail: <a href=\"mailto:mkt@primaflor.com\">mkt@primaflor.com<\/a> y por tel\u00e9fono en el n\u00famero 950 464 011.<\/p>\n","protected":false},"excerpt":{"rendered":"<p>S.A.T. 9855 PRIMAFLOR (en adelante PRIMAFLOR), con domicilio a efectos de la presente promoci\u00f3n en Avenida Cecilio Peregr\u00edn, 2, C.P. 04640 Pulp\u00ed (Almer\u00eda) y con C.I.F. n\u00famero V-04256954, para la promoci\u00f3n de sus productos y contenido web, y con arreglo a las bases que a continuaci\u00f3n se exponen, organiza las siguientes acciones: &nbsp; Sorteos, concursos [&hellip;]<\/p>\n","protected":false},"author":1,"featured_media":0,"parent":0,"menu_order":0,"comment_status":"closed","ping_status":"closed","template":"","meta":{"inline_featured_image":false},"acf":[],"_links":{"self":[{"href":"https:\/\/lab.hitostudio.com\/mimaflor\/wp-json\/wp\/v2\/pages\/13727"}],"collection":[{"href":"https:\/\/lab.hitostudio.com\/mimaflor\/wp-json\/wp\/v2\/pages"}],"about":[{"href":"https:\/\/lab.hitostudio.com\/mimaflor\/wp-json\/wp\/v2\/types\/page"}],"author":[{"embeddable":true,"href":"https:\/\/lab.hitostudio.com\/mimaflor\/wp-json\/wp\/v2\/users\/1"}],"replies":[{"embeddable":true,"href":"https:\/\/lab.hitostudio.com\/mimaflor\/wp-json\/wp\/v2\/comments?post=13727"}],"version-history":[{"count":0,"href":"https:\/\/lab.hitostudio.com\/mimaflor\/wp-json\/wp\/v2\/pages\/13727\/revisions"}],"wp:attachment":[{"href":"https:\/\/lab.hitostudio.com\/mimaflor\/wp-json\/wp\/v2\/media?parent=13727"}],"curies":[{"name":"wp","href":"https:\/\/api.w.org\/{rel}","templated":true}]}}