{"id":187,"date":"2020-02-04T17:06:47","date_gmt":"2020-02-04T17:06:47","guid":{"rendered":"http:\/\/lab.hitostudio.com\/mimaflor\/?page_id=187"},"modified":"2022-08-25T08:25:28","modified_gmt":"2022-08-25T07:25:28","slug":"fundacion-primaflor","status":"publish","type":"page","link":"https:\/\/lab.hitostudio.com\/mimaflor\/fundacion-primaflor\/","title":{"rendered":"Fundaci\u00f3n Primaflor"},"content":{"rendered":"<p>Es una organizaci\u00f3n sin \u00e1nimo de lucro, constituida en el a\u00f1o 2019, cuyo patrimonio esta ligado a la realizaci\u00f3n de fines de inter\u00e9s general, preferentemente a trabajadores y familiares de Primaflor.<\/p>\n<p><img decoding=\"async\" class=\"alignnone size-medium wp-image-23723\" src=\"http:\/\/lab.hitostudio.com\/mimaflor\/wp-content\/uploads\/2021\/07\/logo-fundacio\u0301n-blanco.svg\" alt=\"\" height=\"80px\" \/><\/p>\n<p><a class=\"ancla\" href=\"#finalidad\">Finalidad de la fundaci\u00f3n<\/a><\/p>\n<p><a class=\"btn\" href=\"http:\/\/lab.hitostudio.com\/mimaflor\/fundacion-primaflor-noticias\/\">\u00daltimas noticias<\/a><\/p>\n","protected":false},"excerpt":{"rendered":"<p>Es una organizaci\u00f3n sin \u00e1nimo de lucro, constituida en el a\u00f1o 2019, cuyo patrimonio esta ligado a la realizaci\u00f3n de fines de inter\u00e9s general, preferentemente a trabajadores y familiares de Primaflor. Finalidad de la fundaci\u00f3n \u00daltimas noticias<\/p>\n","protected":false},"author":1,"featured_media":0,"parent":0,"menu_order":0,"comment_status":"closed","ping_status":"closed","template":"plantilla_fundacion.php","meta":{"inline_featured_image":false},"acf":[],"_links":{"self":[{"href":"https:\/\/lab.hitostudio.com\/mimaflor\/wp-json\/wp\/v2\/pages\/187"}],"collection":[{"href":"https:\/\/lab.hitostudio.com\/mimaflor\/wp-json\/wp\/v2\/pages"}],"about":[{"href":"https:\/\/lab.hitostudio.com\/mimaflor\/wp-json\/wp\/v2\/types\/page"}],"author":[{"embeddable":true,"href":"https:\/\/lab.hitostudio.com\/mimaflor\/wp-json\/wp\/v2\/users\/1"}],"replies":[{"embeddable":true,"href":"https:\/\/lab.hitostudio.com\/mimaflor\/wp-json\/wp\/v2\/comments?post=187"}],"version-history":[{"count":0,"href":"https:\/\/lab.hitostudio.com\/mimaflor\/wp-json\/wp\/v2\/pages\/187\/revisions"}],"wp:attachment":[{"href":"https:\/\/lab.hitostudio.com\/mimaflor\/wp-json\/wp\/v2\/media?parent=187"}],"curies":[{"name":"wp","href":"https:\/\/api.w.org\/{rel}","templated":true}]}}