{"id":3,"date":"2020-01-28T09:05:11","date_gmt":"2020-01-28T09:05:11","guid":{"rendered":"http:\/\/lab.hitostudio.com\/mimaflor\/?page_id=3"},"modified":"2022-12-21T14:00:13","modified_gmt":"2022-12-21T13:00:13","slug":"politica-privacidad","status":"publish","type":"page","link":"https:\/\/lab.hitostudio.com\/mimaflor\/politica-privacidad\/","title":{"rendered":"Pol\u00edtica de privacidad"},"content":{"rendered":"<ol>\n<li>\n<h3><strong>Introducci\u00f3n.<\/strong><\/h3>\n<\/li>\n<\/ol>\n<p>Tenemos un elevado nivel de compromiso con la privacidad de las personas, por lo que la protecci\u00f3n de datos personales es importante para nosotros.<\/p>\n<p>Tratamos los datos seg\u00fan lo dispuesto en el Reglamento UE 2016\/679 General de Protecci\u00f3n de Datos, Ley Org\u00e1nica 3\/2018 de Protecci\u00f3n de Datos Personales y Garant\u00eda de Derechos Digitales y dem\u00e1s normativa vigente al respecto.<\/p>\n<p>La presente Pol\u00edtica de Privacidad ha sido revisada en julio de 2022 para dar cumplimiento a los deberes de informaci\u00f3n y transparencia del propio sitio web y general del responsable, para facilitar a cualquier tipo de interesado y no solo a los usuarios del sitio web los t\u00e9rminos generales del responsable en la materia. Pueden existir variaciones hasta su pr\u00f3xima revisi\u00f3n.<\/p>\n<p>&nbsp;<\/p>\n<ol start=\"2\">\n<li>\n<h3><strong>\u00bfQui\u00e9n es el responsable de tratamiento de sus datos?<\/strong><\/h3>\n<\/li>\n<\/ol>\n<p><strong>Responsable:<\/strong> S.A.T. 9855 PRIMAFLOR<\/p>\n<p><strong>NIF\/CIF:<\/strong> V04256954<\/p>\n<p><strong>Direcci\u00f3n:<\/strong> AVDA. CECILIO PEREGRIN, 2. 04640 PULP\u00cd (ALMERIA)<\/p>\n<p><strong>Correo electr\u00f3nico:<\/strong> lopd@primaflor.com<\/p>\n<p>&nbsp;<\/p>\n<ol start=\"3\">\n<li>\n<h3><strong>\u00bfCu\u00e1l es el origen y tipo de datos que tratamos?<\/strong><\/h3>\n<\/li>\n<\/ol>\n<p>El origen de la informaci\u00f3n que tratamos puede ser cualquiera de las siguientes categor\u00edas:<\/p>\n<ul>\n<li>Formularios en soporte papel, electr\u00f3nicos o digitales.<\/li>\n<li>Sistemas de comunicaci\u00f3n y mensajer\u00eda: aplicaciones de correo electr\u00f3nico y mensajer\u00eda, tel\u00e9fono, etc.<\/li>\n<li>Otras fuentes y or\u00edgenes l\u00edcitos de informaci\u00f3n.<\/li>\n<\/ul>\n<p>Las diferentes categor\u00edas de datos que podemos llegar a tratar en funci\u00f3n de la tipolog\u00eda del interesado (usuario, cliente, proveedor, empleado, etc.) y la naturaleza de la actividad del responsable y los distintos tratamientos de datos son:<\/p>\n<ul>\n<li>Datos identificativos, por ejemplo: nombre y apellidos, DNI\/NIE.<\/li>\n<li>C\u00f3digos o claves de identificaci\u00f3n, por ejemplo: nombre de usuario, c\u00f3digo de empleado.<\/li>\n<li>Direcciones de contacto postales o electr\u00f3nicas, por ejemplo: tel\u00e9fono, email, perfil en redes sociales.<\/li>\n<li>Datos de caracter\u00edsticas personales y profesionales, por ejemplo: edad, fecha de nacimiento, titulaciones, experiencia profesional, curr\u00edculum.<\/li>\n<li>Datos econ\u00f3micos, financieros y de seguros; por ejemplo: datos bancarios, tarjeta de cr\u00e9dito, etc.<\/li>\n<li>Datos econ\u00f3micos y no econ\u00f3micos de n\u00f3mina y otra informaci\u00f3n de naturaleza laboral; por ejemplo: puesto de trabajo, documento de n\u00f3mina, etc.<\/li>\n<li>Datos de transacciones, por ejemplo: bienes y servicios suministrados y recibidos.<\/li>\n<li>Datos de categor\u00eda especial, por ejemplo: afiliaci\u00f3n sindical, origen racial.<\/li>\n<li>Otros datos e informaciones necesarios o impl\u00edcitos en el desarrollo de nuestras actividades, servicios y objeto.<\/li>\n<\/ul>\n<p>&nbsp;<\/p>\n<p>&nbsp;<\/p>\n<ol start=\"4\">\n<li>\n<h3><strong>\u00bfCon qu\u00e9 finalidad tratamos sus datos personales?<\/strong><\/h3>\n<\/li>\n<\/ol>\n<p>En general los datos se tratan para llevar a cabo con \u00e9xito las acciones impl\u00edcitas en el normal desarrollo y gesti\u00f3n de la actividad del responsable. Aunque podemos concretar diferentes fines de tratamiento en funci\u00f3n de las posibles categor\u00edas existentes de interesados:<\/p>\n<ul>\n<li>Clientes y potenciales: gesti\u00f3n y mantenimiento de las relaciones comerciales, precontractuales y contractuales; administraci\u00f3n interna; gesti\u00f3n econ\u00f3mica; publicidad y marketing, atenci\u00f3n al cliente.<\/li>\n<li>Colaboradores, acreedores y proveedores: gesti\u00f3n y mantenimiento de las relaciones comerciales, administraci\u00f3n interna y gesti\u00f3n econ\u00f3mica.<\/li>\n<li>Personas trabajadoras: gesti\u00f3n, desarrollo y mantenimiento de la relaci\u00f3n laboral, gesti\u00f3n de recursos humanos, comunicaciones, actividades formativas, prevenci\u00f3n de riesgos laborales, registro de la jornada y otras finalidades derivadas de las obligaciones legales y desarrollo de las relaciones laborales.<\/li>\n<li>Candidatos: gesti\u00f3n de curr\u00edculums recibidos, gesti\u00f3n de ofertas de empleo y selecci\u00f3n de personal.<\/li>\n<li>Usuarios web y de redes sociales: atenci\u00f3n al usuario y gesti\u00f3n de las comunicaciones entre las partes.<\/li>\n<li>Visitantes: atenci\u00f3n al visitante y control de acceso a las instalaciones.<\/li>\n<li>La informaci\u00f3n existente de cualquier otra categor\u00eda de interesados tratada por el responsable se har\u00e1 en el marco de su actividad, estricto cumplimiento de las normas de aplicaci\u00f3n y bajo los criterios generales de la presente Pol\u00edtica de Privacidad.<\/li>\n<\/ul>\n<p>Otras finalidades generales que el responsable puede implementar son:<\/p>\n<ul>\n<li>Elaboraci\u00f3n de un perfil comercial, con el objetivo de mejorar su experiencia personalizando las ofertas y comunicaciones. No se tomar\u00e1n decisiones individualizadas en base a dicho perfil y se actuar\u00e1 desde el inter\u00e9s leg\u00edtimo.<\/li>\n<li>Videovigilancia, para seguridad de los bienes y las personas, as\u00ed como el control laboral correspondiente en base al inter\u00e9s leg\u00edtimo.<\/li>\n<li>Centralita telef\u00f3nica, a fin de grabar las comunicaciones por seguridad, garant\u00eda y calidad de atenci\u00f3n, en base al inter\u00e9s leg\u00edtimo.<\/li>\n<li>An\u00e1lisis de riesgo financiero o crediticio, para poder analizar determinadas acciones comerciales y control de obligaciones dinerarias. En caso de deudores con pagos pendientes ciertos, vencidos y exigibles, el responsable podr\u00e1 comunicar esta circunstancia a ficheros de solvencia crediticia, ficheros de deudores, y servicios de gesti\u00f3n o recobro de deudas, entre otros, en base al inter\u00e9s leg\u00edtimo.<\/li>\n<li>Comunicaciones: desarrollo y ejecuci\u00f3n de comunicaciones a trav\u00e9s de los datos y medios de contacto disponibles (correo electr\u00f3nico, mensajer\u00eda instant\u00e1nea, etc.) con categor\u00edas de interesados internos (personas trabajadoras) y externos (clientes, potenciales, colaboradores, proveedores, etc.). Los prop\u00f3sitos de dichas comunicaciones pueden ser informativos, organizativos, comerciales y publicitarios, seg\u00fan corresponda en base al consentimiento informado y el inter\u00e9s leg\u00edtimo del responsable.<\/li>\n<li>Actividades promocionales, marketing y fidelizaci\u00f3n, como por ejemplo desarrollo de sorteos.<\/li>\n<li>Geolocalizaci\u00f3n a trav\u00e9s de sistemas instalados a este prop\u00f3sito con motivo de control y optimizaci\u00f3n de los recursos humanos y materiales.<\/li>\n<li>Otras finalidades derivadas de la naturaleza del responsable, motivadas en el normal desarrollo y ejercicio de su actividad, desde una base legitimadora v\u00e1lida.<\/li>\n<\/ul>\n<p>&nbsp;<\/p>\n<ol start=\"5\">\n<li>\n<h3><strong>\u00bfPor cu\u00e1nto tiempo conservaremos sus datos?<\/strong><\/h3>\n<\/li>\n<\/ol>\n<p>En general los datos personales se conservar\u00e1n al menos mientras exista relaci\u00f3n con el interesado, mientras no se solicite su supresi\u00f3n, mientras puedan derivarse responsabilidades o mientras exista alguna previsi\u00f3n legal de conservaci\u00f3n.<\/p>\n<p>En lo referente a los datos de los candidatos y demandantes de empleo, se eliminar\u00e1n inmediatamente cuando estos no resulten de inter\u00e9s para el responsable.<\/p>\n<p>El responsable de tratamiento cuenta en su plan de protecci\u00f3n de datos con un inventario de plazos de conservaci\u00f3n que observa para gestionar los diferentes periodos de conservaci\u00f3n aplicables.<\/p>\n<p>La supresi\u00f3n de los datos se llevar\u00e1 a cabo en todo caso asegurando la confidencialidad de estos.<\/p>\n<p>&nbsp;<\/p>\n<ol start=\"6\">\n<li>\n<h3><strong>\u00bfCu\u00e1l es la legitimaci\u00f3n para el tratamiento de sus datos?<\/strong><\/h3>\n<\/li>\n<\/ol>\n<p>El responsable observa y aplica las distintas bases legitimadoras existentes que resultan de aplicaci\u00f3n a cada finalidad de tratamiento. Estas son:<\/p>\n<ol>\n<li>Consentimiento informado del interesado.<\/li>\n<li>Compromisos precontractuales o contractuales.<\/li>\n<li>Inter\u00e9s leg\u00edtimo del responsable.<\/li>\n<li>Obligaciones legales aplicables.<\/li>\n<li>Otras bases legitimadoras legalmente preceptuadas.<\/li>\n<\/ol>\n<p>&nbsp;<\/p>\n<ol start=\"7\">\n<li>\n<h3><strong>\u00bfA qu\u00e9 destinatarios se comunicar\u00e1n sus datos?<\/strong><\/h3>\n<\/li>\n<\/ol>\n<p>Los datos de los interesados no ser\u00e1n comunicados a ning\u00fan tercero de manera predeterminada, existiendo diversas excepciones: a) categor\u00edas de empresas filiales, participadas por los socios o pertenecientes al mismo grupo u organizaci\u00f3n empresarial que el responsable del tratamiento; b) entidades bancarias donde se domicilian pagos; c) empresas con las que el responsable del tratamiento contrate servicios de informaci\u00f3n crediticia, informes de riesgo e informes comerciales, incluidos los servicios que gestionan los ficheros relativos al cumplimiento o incumplimiento de obligaciones dinerarias; d) encargados de tratamiento autorizados y servicios auxiliares impl\u00edcitos en la prestaci\u00f3n de los bienes y servicios de la empresa; e) otros interesados leg\u00edtimos y\/o terceros legalmente previstos; f) autoridades y administraciones p\u00fablicas en el ejercicio de sus competencias.<\/p>\n<p>En el caso de encargados de tratamiento (proveedores, servicios auxiliares, etc.) impl\u00edcitos en el desarrollo de nuestros servicios que tengan su domicilio en un tercer pa\u00eds, se realiza dentro del espacio econ\u00f3mico europeo, existiendo garant\u00edas adecuadas y apropiadas, comprometi\u00e9ndose \u00e9stos a observar y cumplir lo preceptuado en la normativa europea de privacidad.<\/p>\n<h3><\/h3>\n<ol start=\"8\">\n<li>\n<h3><strong>\u00bfCu\u00e1les son sus derechos cuando nos facilita y\/o tratamos sus datos?<\/strong><\/h3>\n<\/li>\n<\/ol>\n<p>Como interesado, usted podr\u00e1 en cualquier momento solicitarnos el ejercicio de cualquiera de los siguientes derechos que le asisten en materia de protecci\u00f3n de datos:<\/p>\n<ul>\n<li>Acceso a los datos personales del interesado para confirmar si se est\u00e1n tratando o no datos que le conciernan y obtener m\u00e1s informaci\u00f3n acerca de este tratamiento.<\/li>\n<li>Rectificaci\u00f3n o Supresi\u00f3n de los datos personales que conciernan al interesado cuando, entre otros motivos, sean inexactos o ya no sean necesarios para las finalidades por las que fueron recogidos.<\/li>\n<li>Limitar el tratamiento de los datos personales del interesado en determinadas circunstancias, en cuyo caso \u00fanicamente se conservar\u00e1n a efectos de ejercicio o defensa de reclamaciones, por la protecci\u00f3n de los derechos de otra persona o por razones de inter\u00e9s p\u00fablico.<\/li>\n<li>Recibir los datos personales que le incumban, que previamente nos haya facilitado, y en formato estructurado cuando sea posible. (Portabilidad de sus datos).<\/li>\n<li>Oponerse al tratamiento de sus datos en determinadas circunstancias y por motivos relacionados con su situaci\u00f3n particular. La empresa dejar\u00e1 de tratar sus datos, salvo por motivos leg\u00edtimos imperiosos, o el ejercicio o la defensa de posibles reclamaciones.<\/li>\n<li>Revocar el consentimiento, lo cual puede conllevar la anulaci\u00f3n o cancelaci\u00f3n de la relaci\u00f3n negocial o contractual existente, si la hubiese. Sin perjuicio de los tratamientos llevados a cabo previamente a la retirada del consentimiento.<\/li>\n<\/ul>\n<p>Para ello s\u00f3lo tendr\u00e1 que contactar con nosotros a trav\u00e9s de la direcci\u00f3n email o postal indicadas al inicio.<\/p>\n<p>Opcionalmente tambi\u00e9n puede dirigirse a nuestro <a href=\"https:\/\/www.auditta.es\">delegado de protecci\u00f3n de datos<\/a> designado, o a la <a href=\"https:\/\/www.aepd.es\">Agencia de Protecci\u00f3n de Datos<\/a> para conocer m\u00e1s acerca de sus derechos o solicitar la tutela de estos por la autoridad de control.<\/p>\n<p>&nbsp;<\/p>\n<ol start=\"9\">\n<li>\n<h3><strong>Seguridad de los datos.<\/strong><\/h3>\n<\/li>\n<\/ol>\n<p>Adoptamos en nuestro sistema de informaci\u00f3n las medidas t\u00e9cnicas y organizativas necesarias para garantizar un adecuado nivel de confidencialidad, integridad, disponibilidad y resiliencia de los datos.<\/p>\n<p>No obstante, hasta donde el ordenamiento jur\u00eddico lo permite, no asumimos ninguna responsabilidad por los da\u00f1os y perjuicios de alteraciones que terceros pueden causar en nuestro sistema de informaci\u00f3n. Cualquier quiebra de seguridad ser\u00e1 convenientemente y de forma inmediata comunicada a la autoridad competente y\/o fuerzas y cuerpos de seguridad del Estado.<\/p>\n<p>&nbsp;<\/p>\n<ol start=\"10\">\n<li>\n<h3><strong>Env\u00edo de comunicaciones o informaci\u00f3n.<\/strong><\/h3>\n<\/li>\n<\/ol>\n<p>Nuestra pol\u00edtica con respecto al env\u00edo informaci\u00f3n a trav\u00e9s de medios telem\u00e1ticos (correo electr\u00f3nico, mensajer\u00eda instant\u00e1nea, etc.), se limita a enviar \u00fanicamente comunicaciones que consideremos de inter\u00e9s para nuestros usuarios e interesados, en relaci\u00f3n con las funciones y actividad de la empresa, o que usted haya consentido recibir.<\/p>\n<p>Si prefiere no recibir estos mensajes, le ofreceremos a trav\u00e9s de estos la posibilidad de ejercer su derecho de cancelaci\u00f3n y renuncia a la recepci\u00f3n de estos mensajes, en conformidad con lo dispuesto en el T\u00edtulo III, art\u00edculo 22 de la Ley 34\/2002 de Servicios para la Sociedad de la Informaci\u00f3n y de Comercio Electr\u00f3nico.<\/p>\n<p>&nbsp;<\/p>\n<ol start=\"11\">\n<li>\n<h3><strong>Redes sociales.<\/strong><\/h3>\n<\/li>\n<\/ol>\n<p>El responsable puede tener presencia en redes sociales a trav\u00e9s de los correspondientes perfiles, siendo de aplicaci\u00f3n el presente apartado y cualesquiera t\u00e9rminos legales y de privacidad presentes en el sitio web para el tratamiento de datos de los usuarios que se hagan seguidores o de alg\u00fan modo se vinculen a dichos perfiles.<\/p>\n<p>Las finalidades de uso de estos perfiles por el responsable son de comunicaci\u00f3n, desarrollo comercial, marketing y publicidad.<\/p>\n<p>Los usuarios seguidores y\/o participantes en nuestros perfiles se abstendr\u00e1n:<\/p>\n<ol>\n<li>De publicar contenidos o informaciones contrarios a las Leyes, la moral, y la buena fe. No est\u00e1 permitido ning\u00fan uso o comportamiento il\u00edcito, molesto, inapropiado, que pueda generar opiniones negativas en el perfil o que atente contra los derechos de las personas.<\/li>\n<li>De comportarse de forma contraria a los principios de legalidad, honradez, responsabilidad, protecci\u00f3n de la dignidad humana, protecci\u00f3n de menores, protecci\u00f3n del orden p\u00fablico, la protecci\u00f3n de la vida privada, la protecci\u00f3n del consumidor y los derechos de propiedad intelectual e industrial.<\/li>\n<\/ol>\n<p>El responsable se reserva la potestad de retirar sin previo aviso cualquier contenido que se considere inapropiado. Asimismo, se libera de cualquier responsabilidad en relaci\u00f3n con las medidas de seguridad correspondientes a cada plataforma, debiendo el usuario conocerlas juntamente con los t\u00e9rminos legales y condiciones de uso de la propia plataforma.<\/p>\n<p>&nbsp;<\/p>\n<ol start=\"12\">\n<li>\n<h3><strong>Portal del Empleo y gesti\u00f3n de candidatos<\/strong><\/h3>\n<\/li>\n<\/ol>\n<p>Los interesados en acceder a ofertas de empleo del responsable pueden suministrar sus datos e informaci\u00f3n profesional al responsable por medio de diferentes canales (entrega de curr\u00edculum en papel, entrevista personal, env\u00edo de informaci\u00f3n por correo electr\u00f3nico, etc.). En cualquier caso preferentemente se usar\u00e1 el portal de empleo o secci\u00f3n \u201ctrabaja con nosotros\u201d disponible en nuestra web.<\/p>\n<p>Estos datos ser\u00e1n tratados en consonancia con los presentes t\u00e9rminos de privacidad aqu\u00ed presentes con la finalidad de gestionar las candidaturas a posibles ofertas de empleo y\/o actividades de formaci\u00f3n desarrolladas por la entidad responsable y cualesquiera empresas filiales o pertenecientes a la misma organizaci\u00f3n empresarial.<\/p>\n<p>El tratamiento se realizar\u00e1 en base al consentimiento informado del interesado u otra base legitimadora v\u00e1lida.<\/p>\n<p>Los datos facilitados, si no resultan de inter\u00e9s profesional para la entidad o una vez dejen de ser necesarios para las finalidades por las que fueron recogidos, ser\u00e1n eliminados asegurando su confidencialidad.<\/p>\n<p>Cualquier interesado podr\u00e1 revocar su consentimiento y ejercer los derechos que le asistan en materia de privacidad en virtud de los t\u00e9rminos expuestos en la presente pol\u00edtica de privacidad.<\/p>\n<p>&nbsp;<\/p>\n<ol start=\"13\">\n<li>\n<h3><strong>Canal \u00c9tico.<\/strong><\/h3>\n<\/li>\n<\/ol>\n<p>Los datos suministrados por cualquier interesado a trav\u00e9s de los procedimientos disponibles en nuestro Canal \u00c9tico, ser\u00e1n tratados en base al consentimiento informado, inter\u00e9s leg\u00edtimo del responsable y cumplimiento de obligaciones legales establecidas.<\/p>\n<p>La finalidad de tratamiento ser\u00e1n la gesti\u00f3n y control de las posibles comunicaciones y denuncias en virtud de las condiciones establecidas en nuestro\u00a0<a href=\"https:\/\/canalresponsable.marcafranca.com\/canaletico\/presentacion_cliente\/5711857591517184\">Canal Responsable<\/a>.<\/p>\n<p>Pudiendo tratarse para iniciar las investigaciones y acciones correspondientes por parte del comit\u00e9 o personas responsables del sistema de denuncias.<\/p>\n<p>Los datos de cualquier interesado o afectado, quien formule la comunicaci\u00f3n o denuncia, de personas empleadas y de terceras personas se conservar\u00e1n \u00fanicamente el tiempo imprescindible para decidir si procede alguna acci\u00f3n de investigaci\u00f3n. En todo caso la informaci\u00f3n suministrada se suprimir\u00e1 asegurando su confidencialidad cuando transcurran los plazos legales de conservaci\u00f3n o custodia de las evidencias.<\/p>\n<p>Los datos facilitados deben ser ciertos, veraces, completos y actuales, debiendo el interesado comunicar cualquier variaci\u00f3n en los mismos.<\/p>\n<p>No se tomar\u00e1n decisiones automatizadas ni se realizar\u00e1n perfiles en relaci\u00f3n a la informaci\u00f3n y datos recabados.<\/p>\n<p>Los datos podr\u00e1n ser comunicados a terceras personas cuando resulte necesario para la adopci\u00f3n de medidas disciplinarias o para la tramitaci\u00f3n de procedimientos judiciales que puedan proceder.<\/p>\n<p>Asimismo, podr\u00e1 facilitarse la informaci\u00f3n a los proveedores o gestores externos del sistema de canal de denuncias en cumplimiento de los servicios encomendados quienes igualmente deber\u00e1n mantener el debido sigilo y confidencialidad en el caso que nos ocupa. Son: Marca Franca S.L., pudiendo ampliar informaci\u00f3n sobre esta compa\u00f1\u00eda y su pol\u00edtica de privacidad <a href=\"https:\/\/www.marcafranca.com\/aviso-legal\/\">aqu\u00ed<\/a>.<\/p>\n<p>&nbsp;<\/p>\n<p>Se recomienda al interesado o usuario del sistema de denuncias no revelar la informaci\u00f3n intercambiada o proporcionada por el sistema relativa a referencias o c\u00f3digos de usuario, claves, u otros datos identificativos que puedan existir.<\/p>\n<p>Cualquier interesado puede ejercer sus derechos de protecci\u00f3n de datos en los t\u00e9rminos previstos en la presente pol\u00edtica de privacidad.<\/p>\n<p>Las personas usuarias deben ser conocedoras de que la informaci\u00f3n y datos suministrados tienen car\u00e1cter confidencial y reservado.<\/p>\n","protected":false},"excerpt":{"rendered":"<p>Introducci\u00f3n. Tenemos un elevado nivel de compromiso con la privacidad de las personas, por lo que la protecci\u00f3n de datos personales es importante para nosotros. Tratamos los datos seg\u00fan lo dispuesto en el Reglamento UE 2016\/679 General de Protecci\u00f3n de Datos, Ley Org\u00e1nica 3\/2018 de Protecci\u00f3n de Datos Personales y Garant\u00eda de Derechos Digitales y [&hellip;]<\/p>\n","protected":false},"author":1,"featured_media":0,"parent":0,"menu_order":0,"comment_status":"closed","ping_status":"open","template":"","meta":{"inline_featured_image":false},"acf":[],"_links":{"self":[{"href":"https:\/\/lab.hitostudio.com\/mimaflor\/wp-json\/wp\/v2\/pages\/3"}],"collection":[{"href":"https:\/\/lab.hitostudio.com\/mimaflor\/wp-json\/wp\/v2\/pages"}],"about":[{"href":"https:\/\/lab.hitostudio.com\/mimaflor\/wp-json\/wp\/v2\/types\/page"}],"author":[{"embeddable":true,"href":"https:\/\/lab.hitostudio.com\/mimaflor\/wp-json\/wp\/v2\/users\/1"}],"replies":[{"embeddable":true,"href":"https:\/\/lab.hitostudio.com\/mimaflor\/wp-json\/wp\/v2\/comments?post=3"}],"version-history":[{"count":0,"href":"https:\/\/lab.hitostudio.com\/mimaflor\/wp-json\/wp\/v2\/pages\/3\/revisions"}],"wp:attachment":[{"href":"https:\/\/lab.hitostudio.com\/mimaflor\/wp-json\/wp\/v2\/media?parent=3"}],"curies":[{"name":"wp","href":"https:\/\/api.w.org\/{rel}","templated":true}]}}