{"id":7306,"date":"2020-03-19T15:35:12","date_gmt":"2020-03-19T15:35:12","guid":{"rendered":"http:\/\/lab.hitostudio.com\/mimaflor\/?page_id=7306"},"modified":"2022-12-21T14:05:27","modified_gmt":"2022-12-21T13:05:27","slug":"aviso-legal","status":"publish","type":"page","link":"https:\/\/lab.hitostudio.com\/mimaflor\/aviso-legal\/","title":{"rendered":"Aviso Legal"},"content":{"rendered":"<ol>\n<li>\n<h3><strong>Introducci\u00f3n.<\/strong><\/h3>\n<\/li>\n<\/ol>\n<p>Con el fin de dar cumplimiento a la Ley 34\/2002 de Servicios de la Sociedad de la Informaci\u00f3n y del Comercio Electr\u00f3nico (LSSICE), informamos a los usuarios y visitantes del sitio web de los presentes t\u00e9rminos y condiciones, que tienen car\u00e1cter vinculante.<\/p>\n<p>El presente Aviso Legal ha sido revisado en julio de 2022, por lo que pueden existir variaciones hasta su pr\u00f3xima revisi\u00f3n.<\/p>\n<ol start=\"2\">\n<li>\n<h3><strong>Identificaci\u00f3n del responsable del sitio web.<\/strong><\/h3>\n<\/li>\n<\/ol>\n<ul>\n<li><strong>Nombre:<\/strong> A.T. 9855 PRIMAFLOR<\/li>\n<li><strong>NIF\/CIF:<\/strong> V04256954<\/li>\n<li><strong>Domicilio:<\/strong> CECILIO PEREGRIN, 2. 04640 PULP\u00cd (ALMERIA) Espa\u00f1a.<\/li>\n<li><strong>Tel\u00e9fono:<\/strong> +34 950464011<\/li>\n<li><strong>Email: <\/strong>lopd@primaflor.com<\/li>\n<\/ul>\n<ol start=\"3\">\n<li>\n<h3><strong>Objeto y aceptaci\u00f3n.<\/strong><\/h3>\n<\/li>\n<\/ol>\n<p>El presente Aviso Legal regula el uso del sitio web www.mimaflor.es, titularidad del responsable indicado en el punto anterior al que en adelante podremos referirnos como \u201cresponsable\u201d o \u201cempresa\u201d.<\/p>\n<p>La navegaci\u00f3n por el sitio web de la empresa atribuye la condici\u00f3n de usuario de este, e implica la aceptaci\u00f3n plena y sin reservas de todas y cada una de las disposiciones incluidas en este Aviso Legal, que pueden sufrir modificaciones.<\/p>\n<p>El usuario se obliga a hacer un uso correcto del sitio web de conformidad con las leyes, la buena fe, el orden p\u00fablico, los usos del tr\u00e1fico y el presente Aviso Legal.<\/p>\n<p>El usuario responder\u00e1 frente a la empresa o frente a terceros, de cualesquiera da\u00f1os y perjuicios que pudieran causarse como consecuencia del incumplimiento de dicha obligaci\u00f3n.<\/p>\n<ol start=\"4\">\n<li>\n<h3><strong>Condiciones de acceso y utilizaci\u00f3n.<\/strong><\/h3>\n<\/li>\n<\/ol>\n<p>El sitio web y sus servicios son de acceso libre y gratuito salvo en lo relativo a los costes de conexi\u00f3n y acceso a Internet correspondientes, contratados por el usuario. No obstante, la empresa puede condicionar la utilizaci\u00f3n de algunos de los servicios ofrecidos en su web a la previa cumplimentaci\u00f3n del correspondiente formulario o a la previa autorizaci\u00f3n por parte de la empresa.<\/p>\n<p>En caso de ser menor de edad, para el uso de los servicios, deber\u00e1 obtener siempre previamente el consentimiento de los padres, tutores o representantes legales, responsables \u00faltimos de todos los actos realizados por los menores a su cargo.<\/p>\n<p>La responsabilidad en la determinaci\u00f3n de contenidos concretos a los cuales acceden los menores corresponde a aquellos, es por eso que, si acceden a contenidos no apropiados por Internet, se tendr\u00e1n que establecer en sus ordenadores mecanismos, en particular programas inform\u00e1ticos, filtros y bloqueos, que permitan limitar los contenidos disponibles y, a pesar de que no sean infalibles, son de especial utilidad para controlar y restringir los materiales a los que pueden acceder los menores.<\/p>\n<p>El usuario garantiza la autenticidad y actualidad de todos aquellos datos que comunique a la empresa y ser\u00e1 el \u00fanico responsable de manifestaciones inexactas o falsas que realice.<\/p>\n<p>Es responsabilidad del usuario mantener actualizada en todo momento su informaci\u00f3n suministrada a la empresa.<\/p>\n<p>El usuario har\u00e1 un uso adecuado de los contenidos y servicios de la empresa. Utilizar\u00e1 el sitio web de conformidad a la Ley, al presente Aviso Legal, as\u00ed como a la moral y las buenas costumbres.<\/p>\n<p>A tal efecto, el usuario no utilizar\u00e1 el sitio web para fines prohibidos o il\u00edcitos, no vulnerar\u00e1 derechos e intereses de terceros, y evitar\u00e1 cualquier forma o acci\u00f3n que pueda da\u00f1ar o provocar perjuicios a la empresa y\/o a terceros.<\/p>\n<p>De este modo el usuario se compromete a no llevar a cabo ninguna de las siguientes actividades o acciones:<\/p>\n<ul>\n<li>Difundir contenidos delictivos, violentos, ofensivos, irrespetuosos y, en general, contrarios a la ley o el orden p\u00fablico.<\/li>\n<li>Introducir en la red virus inform\u00e1ticos o realizar actuaciones susceptibles de alterar, estropear, interrumpir o generar errores o da\u00f1os en los documentos electr\u00f3nicos, datos o sistemas f\u00edsicos y l\u00f3gicos de la empresa, o de terceras personas; as\u00ed como obstaculizar el acceso de otros usuarios al sitio web y a sus servicios mediante el consumo masivo de los recursos inform\u00e1ticos a trav\u00e9s de los cuales la empresa presta sus servicios.<\/li>\n<li>Intentar acceder a las cuentas y\/o perfiles de otros usuarios o a \u00e1reas restringidas de los sistemas inform\u00e1ticos de la empresa o de terceros y, en su caso, extraer informaci\u00f3n.<\/li>\n<li>Vulnerar los derechos de propiedad intelectual o industrial, as\u00ed como violar la confidencialidad de la informaci\u00f3n de la empresa o de terceros.<\/li>\n<li>Suplantar la identidad de otro usuario, de las administraciones p\u00fablicas, o de un tercero.<\/li>\n<li>Reproducir, copiar, distribuir, poner a disposici\u00f3n o de cualquier otra forma comunicar p\u00fablicamente, transformar o modificar los contenidos, a menos que se cuente con la autorizaci\u00f3n del titular de los correspondientes derechos o ello resulte legalmente permitido.<\/li>\n<li>Recabar datos con finalidad publicitaria y de remitir publicidad de cualquier clase y comunicaciones con fines de venta u otras de naturaleza comercial sin que medie su previa solicitud o consentimiento.<\/li>\n<li>No transmitir, difundir o poner a disposici\u00f3n de terceros: informaci\u00f3n, datos, contenidos, mensajes, gr\u00e1ficos, dibujos, archivos de sonido o imagen, fotograf\u00edas, grabaciones, software y, en general, cualquier clase de material que:\n<ul>\n<li>atente, desprecie o se contrario a los derechos fundamentales y las libertades p\u00fablicas reconocidas constitucionalmente, en tratados internacionales y otras normas vigentes;<\/li>\n<li>induzca, incite o promueva actuaciones delictivas, denigrantes, difamatorias, violentas o, en general, contrarias a la ley, a la moral y al orden p\u00fablico;<\/li>\n<li>induzca, incite o promueva actuaciones, actitudes o pensamientos discriminatorios por raz\u00f3n de sexo, raza, religi\u00f3n, creencias, edad o condici\u00f3n;<\/li>\n<li>sea contrario al derecho al honor, a la intimidad personal o familiar o a la propia imagen de las personas;<\/li>\n<li>de cualquier manera, perjudique la credibilidad del prestador o de terceros; y constituya publicidad il\u00edcita, enga\u00f1osa o desleal.<br \/>\n<h3>5. <strong>Propiedad intelectual.<\/strong><\/h3>\n<\/li>\n<\/ul>\n<\/li>\n<\/ul>\n<p>El sitio web y todos sus contenidos necesarios o impl\u00edcitos en su funcionamiento: textos, fotograf\u00edas, gr\u00e1ficos, im\u00e1genes, iconos, tecnolog\u00eda, software, as\u00ed como su dise\u00f1o gr\u00e1fico y c\u00f3digos fuente, constituyen una obra cuya propiedad pertenece a la empresa o a sus respectivos titulares, sin que puedan entenderse cedidos al usuario ninguno de los derechos de explotaci\u00f3n sobre los mismos m\u00e1s all\u00e1 de lo estrictamente necesario para el correcto uso de la web.<\/p>\n<p>Todos los contenidos anteriormente indicados, a t\u00edtulo enunciativo, pero no limitativo, se encuentran bajo la protecci\u00f3n de la normativa de propiedad intelectual e industrial. Cualquier reproducci\u00f3n, uso, distribuci\u00f3n y comunicaci\u00f3n, ya sea de forma parcial o total, requieren previamente de la autorizaci\u00f3n por parte de la empresa, o en su caso, de los respectivos titulares.<\/p>\n<p>De forma predeterminada los usuarios del sitio web \u00fanicamente pueden visualizar y utilizar sus contenidos de forma privada, para las acciones l\u00edcitas e impl\u00edcitas del sitio web y servicios de la empresa; sin que puedan ser objeto de ning\u00fan tipo de explotaci\u00f3n ni cesi\u00f3n a terceros.<\/p>\n<p>Asimismo, todas las marcas, nombres comerciales, logotipos, gr\u00e1ficos o signos distintivos de cualquier clase que puedan aparecer en el sitio web son propiedad de sus respectivos due\u00f1os, sin que pueda entenderse que el uso o acceso al mismo atribuya al usuario derecho alguno sobre los mismos.<\/p>\n<p>La empresa reconoce, a favor de los correspondientes titulares, sus derechos de propiedad industrial e intelectual. La menci\u00f3n o aparici\u00f3n en el sitio web de nombres y marcas de terceros no implica ning\u00fan derecho o responsabilidad de la empresa sobre estos, como tampoco respaldo, patrocinio o recomendaci\u00f3n por parte de estos.<\/p>\n<p>La incorporaci\u00f3n de logotipos, signos, datos o contenidos que identifican a clientes se realiza en el marco de pr\u00e1cticas leales en materia industrial o comercial, estando su exposici\u00f3n limitada a indicar que la empresa les ha prestado un servicio o mantenido una relaci\u00f3n profesional o comercial en alg\u00fan momento.<\/p>\n<p>La distribuci\u00f3n, modificaci\u00f3n, cesi\u00f3n o comunicaci\u00f3n p\u00fablica de los contenidos y cualquier otro acto que no haya sido expresamente autorizado por el correspondiente titular de los derechos de explotaci\u00f3n quedan prohibidos.<\/p>\n<p>La empresa no se responsabiliza del uso que cada usuario haga de los materiales puestos a disposici\u00f3n de este sitio web ni de las actuaciones que realice en base a los mismos.<\/p>\n<ol start=\"6\">\n<li>\n<h3><strong>Enlaces (hiperenlaces o links) y direcciones IP.<\/strong><\/h3>\n<\/li>\n<\/ol>\n<p>El establecimiento de un hiperenlace no implica en ning\u00fan caso la existencia de relaciones entre la empresa y el propietario del sitio web en la que se establezca, ni la aceptaci\u00f3n y aprobaci\u00f3n por parte de la empresa de sus contenidos o servicios.<\/p>\n<p>Aquellas personas que se propongan establecer un hiperenlace al sitio web de la empresa, previamente deber\u00e1n solicitar autorizaci\u00f3n por escrito de esta. En todo caso, el hiperenlace \u00fanicamente permitir\u00e1 el acceso a la p\u00e1gina de inicio de nuestro sitio web.<\/p>\n<p>Se abstendr\u00e1 de realizar manifestaciones o indicaciones falsas o inexactas sobre la empresa, o incluir contenidos il\u00edcitos, contrarios a las buenas costumbres y al orden p\u00fablico.<\/p>\n<p>La empresa no se responsabiliza del uso que cada usuario haga de los materiales puestos a disposici\u00f3n de este sitio web ni de las actuaciones que realice en base a los mismos.<\/p>\n<ol start=\"7\">\n<li>\n<h3><strong>Exclusi\u00f3n de garant\u00edas y responsabilidades.<\/strong><\/h3>\n<\/li>\n<\/ol>\n<p>El contenido del presente sitio web es de car\u00e1cter general y tiene una finalidad meramente informativa, sin que se garantice plenamente el acceso a todos los contenidos, ni su exhaustividad, correcci\u00f3n, vigencia o actualidad, ni su idoneidad o utilidad para un objetivo espec\u00edfico.<\/p>\n<p>La empresa no se responsabiliza de la informaci\u00f3n y contenidos almacenados, a t\u00edtulo enunciativo, pero no limitativo, en foros, chats, generadores de blogs, comentarios, redes sociales o cualquiera otro medio que permita a terceros publicar contenidos de forma independiente al sitio web de la empresa.<\/p>\n<p>Sin embargo, y en cumplimiento de lo que dispone la LSSICE, la empresa se pone a disposici\u00f3n de todos los usuarios, autoridades y fuerzas de seguridad, y colaborando de forma activa en la retirada o, cuando sea necesario, el bloqueo de todos aquellos contenidos que puedan afectar o contravenir la legislaci\u00f3n nacional, o internacional, derechos de terceros o la moral y el orden p\u00fablico.<\/p>\n<p>En caso de que el usuario considere que puede existir alg\u00fan contenido que pudiera ser susceptible de esta clasificaci\u00f3n, se ruega lo notifique de forma inmediata a la empresa por cualquier medio de contacto de los indicados al inicio del presente Aviso Legal.<\/p>\n<p>La empresa excluye, hasta donde permite el ordenamiento jur\u00eddico, cualquier responsabilidad por los da\u00f1os y perjuicios de toda naturaleza derivados de:<\/p>\n<ul>\n<li>La imposibilidad de acceso al sitio web o la falta de veracidad, exactitud, exhaustividad y\/o actualidad de los contenidos, as\u00ed como la existencia de vicios y defectos de toda clase de los contenidos transmitidos, difundidos, almacenados, puestos a disposici\u00f3n a los que se haya accedido a trav\u00e9s del sitio web o de los servicios que se ofrecen.<\/li>\n<li>La presencia de virus o de otros elementos maliciosos (malware) en los contenidos que puedan producir alteraciones y perjuicios en los sistemas inform\u00e1ticos, documentos electr\u00f3nicos o datos de los usuarios.<\/li>\n<li>El incumplimiento de las leyes, la buena fe, el orden p\u00fablico, los usos del tr\u00e1fico y el presente Aviso Legal como consecuencia del uso incorrecto del sitio web. En particular, y a modo de ejemplificativo, la empresa no se hace responsable de las actuaciones de terceros que vulneren los derechos de propiedad intelectual e industrial, derechos al honor, la intimidad personal y familiar y a la propia imagen.<\/li>\n<li>Cualquier informaci\u00f3n que se halle fuera de este sitio web y no sea gestionada directamente por la empresa, incluido cualquier enlace o hiperv\u00ednculo existente, cuya funci\u00f3n exclusiva es la de informar al usuario de otras fuentes susceptibles de ampliar la informaci\u00f3n y contenidos ofrecidos en el sitio web.<\/li>\n<\/ul>\n<p>La empresa se reserva el derecho de modificar cualquier tipo de informaci\u00f3n o contenido que pudiera aparecer en el sitio web, sin que exista obligaci\u00f3n de preavisar o poner en conocimiento de los usuarios.<\/p>\n<p>Los usuarios tienen la responsabilidad de leer el Aviso Legal en cualquiera de las ocasiones que visiten el sitio web, pues los t\u00e9rminos pueden sufrir variaciones sin que exista la obligaci\u00f3n de preavisar o poner en conocimiento de los usuarios estas condiciones, siendo suficiente la publicaci\u00f3n en el sitio web de la empresa.<\/p>\n<ol start=\"8\">\n<li>\n<h3><strong>Privacidad y cookies.<\/strong><\/h3>\n<\/li>\n<\/ol>\n<p>La empresa tiene un elevado compromiso con el cumplimiento de la normativa de protecci\u00f3n de datos personales para garantizar la privacidad de las personas y el correcto tratamiento de los datos personales, cumpliendo \u00edntegramente sus obligaciones y las medidas de seguridad correspondientes.<\/p>\n<p>Para m\u00e1s informaci\u00f3n vea la <a href=\"http:\/\/lab.hitostudio.com\/mimaflor\/politica-privacidad\/\">Pol\u00edtica de Privacidad<\/a> del sitio web.<\/p>\n<p>El sitio web puede utilizar cookies (archivos con informaci\u00f3n que el servidor env\u00eda al ordenador del usuario) para llevar a cabo determinadas funciones del sitio web, que pueden ser necesarias para su correcto funcionamiento u opcionales para mejorar el funcionamiento y llevar a cabo otras funciones.<\/p>\n<p>En caso de la existencia de cookies no necesarias podr\u00e1 existir el requisito previo del consentimiento informado del usuario.<\/p>\n<p>En todo caso puede consultar la <a href=\"http:\/\/lab.hitostudio.com\/mimaflor\/politica-de-cookies\/\">Pol\u00edtica de Cookies<\/a> del sitio web.<\/p>\n<ol start=\"9\">\n<li>\n<h3><strong>Procedimiento en caso de actividades de car\u00e1cter il\u00edcito.<\/strong><\/h3>\n<\/li>\n<\/ol>\n<p>En el caso de que cualquier usuario o un tercero considere que existen hechos o circunstancias que revelen el car\u00e1cter il\u00edcito de la utilizaci\u00f3n de cualquier contenido y\/o la realizaci\u00f3n de cualquier actividad de las p\u00e1ginas web incluidas o accesibles a trav\u00e9s del sitio web de la empresa, deber\u00e1 enviar una notificaci\u00f3n a trav\u00e9s de cualquiera de los medios de contacto indicados al inicio del presente Aviso Legal, identific\u00e1ndose debidamente, especificando las supuestas infracciones y declarando expresamente y bajo su responsabilidad que la informaci\u00f3n proporcionada en la notificaci\u00f3n es exacta.<\/p>\n<ol start=\"10\">\n<li>\n<h3><strong>Notificaciones, legislaci\u00f3n aplicable y jurisdicci\u00f3n.<\/strong><\/h3>\n<\/li>\n<\/ol>\n<p>Todas las notificaciones y comunicaciones entre los usuarios se considerar\u00e1n eficaces cuando se realicen a trav\u00e9s de los medios de contacto indicados al inicio del presente Aviso Legal. Los usuarios deber\u00e1n dirigirse a la empresa mediante cualquiera de estos.<\/p>\n<p>Si alg\u00fan punto o disposici\u00f3n de cualesquiera t\u00e9rminos, condiciones o pol\u00edticas presentes en el sitio web resulta inv\u00e1lido o inaplicable, el resto de los t\u00e9rminos permanecer\u00e1n v\u00e1lidos y en vigor.<\/p>\n<p>Para toda cuesti\u00f3n litigiosa que incumba al sitio web de la empresa, ser\u00e1 de aplicaci\u00f3n la legislaci\u00f3n espa\u00f1ola, siendo competentes los Juzgados y Tribunales del domicilio de la empresa.<\/p>\n","protected":false},"excerpt":{"rendered":"<p>Introducci\u00f3n. Con el fin de dar cumplimiento a la Ley 34\/2002 de Servicios de la Sociedad de la Informaci\u00f3n y del Comercio Electr\u00f3nico (LSSICE), informamos a los usuarios y visitantes del sitio web de los presentes t\u00e9rminos y condiciones, que tienen car\u00e1cter vinculante. El presente Aviso Legal ha sido revisado en julio de 2022, por [&hellip;]<\/p>\n","protected":false},"author":1,"featured_media":0,"parent":0,"menu_order":0,"comment_status":"closed","ping_status":"closed","template":"","meta":{"inline_featured_image":false},"acf":[],"_links":{"self":[{"href":"https:\/\/lab.hitostudio.com\/mimaflor\/wp-json\/wp\/v2\/pages\/7306"}],"collection":[{"href":"https:\/\/lab.hitostudio.com\/mimaflor\/wp-json\/wp\/v2\/pages"}],"about":[{"href":"https:\/\/lab.hitostudio.com\/mimaflor\/wp-json\/wp\/v2\/types\/page"}],"author":[{"embeddable":true,"href":"https:\/\/lab.hitostudio.com\/mimaflor\/wp-json\/wp\/v2\/users\/1"}],"replies":[{"embeddable":true,"href":"https:\/\/lab.hitostudio.com\/mimaflor\/wp-json\/wp\/v2\/comments?post=7306"}],"version-history":[{"count":0,"href":"https:\/\/lab.hitostudio.com\/mimaflor\/wp-json\/wp\/v2\/pages\/7306\/revisions"}],"wp:attachment":[{"href":"https:\/\/lab.hitostudio.com\/mimaflor\/wp-json\/wp\/v2\/media?parent=7306"}],"curies":[{"name":"wp","href":"https:\/\/api.w.org\/{rel}","templated":true}]}}